{"id":1535,"date":"2020-04-29T05:05:27","date_gmt":"2020-04-29T05:05:27","guid":{"rendered":"https:\/\/estand.deothemes.com\/roofing\/?page_id=1535"},"modified":"2023-08-13T11:41:10","modified_gmt":"2023-08-13T11:41:10","slug":"about-1","status":"publish","type":"page","link":"https:\/\/starktrockenbau.de\/index.php\/about-1\/","title":{"rendered":"About"},"content":{"rendered":"\t\t<div data-elementor-type=\"wp-page\" data-elementor-id=\"1535\" class=\"elementor elementor-1535\">\n\t\t\t\t\t\t\t\t\t<section class=\"elementor-section elementor-top-section elementor-element elementor-element-8386b31 elementor-section-boxed elementor-section-height-default elementor-section-height-default\" data-id=\"8386b31\" data-element_type=\"section\" data-settings=\"{&quot;background_background&quot;:&quot;classic&quot;}\">\n\t\t\t\t\t\t\t<div class=\"elementor-background-overlay\"><\/div>\n\t\t\t\t\t\t\t<div class=\"elementor-container elementor-column-gap-default\">\n\t\t\t\t\t<div class=\"elementor-column elementor-col-100 elementor-top-column elementor-element elementor-element-53ae89e\" data-id=\"53ae89e\" data-element_type=\"column\">\n\t\t\t<div class=\"elementor-widget-wrap elementor-element-populated\">\n\t\t\t\t\t\t\t\t<section class=\"elementor-section elementor-inner-section elementor-element elementor-element-8688eaa elementor-section-boxed elementor-section-height-default elementor-section-height-default\" data-id=\"8688eaa\" data-element_type=\"section\">\n\t\t\t\t\t\t<div class=\"elementor-container elementor-column-gap-default\">\n\t\t\t\t\t<div class=\"elementor-column elementor-col-50 elementor-inner-column elementor-element elementor-element-7f04475\" data-id=\"7f04475\" data-element_type=\"column\">\n\t\t\t<div class=\"elementor-widget-wrap elementor-element-populated\">\n\t\t\t\t\t\t\t\t<div class=\"elementor-element elementor-element-7430e71 elementor-widget elementor-widget-deo-breadcrumbs\" data-id=\"7430e71\" data-element_type=\"widget\" data-widget_type=\"deo-breadcrumbs.default\">\n\t\t\t\t<div class=\"elementor-widget-container\">\n\t\t\t\t\t\t<div class=\"breadcrumbs deo-elementor-breadcrumbs\" typeof=\"BreadcrumbList\" vocab=\"https:\/\/schema.org\/\">\r\n\t\t\t\t\n<span property=\"itemListElement\" typeof=\"ListItem\"><a property=\"item\" typeof=\"WebPage\" title=\"Go to Stark Trockenbau.\" href=\"https:\/\/starktrockenbau.de\" class=\"home\" aria-current=\"page\"><span property=\"name\">Home<\/span><\/a><meta property=\"position\" content=\"1\"><\/span>\t\t\t<\/div>\r\n\t\t\t\t\t<\/div>\n\t\t\t\t<\/div>\n\t\t\t\t<div class=\"elementor-element elementor-element-de2533a elementor-widget elementor-widget-heading\" data-id=\"de2533a\" data-element_type=\"widget\" data-widget_type=\"heading.default\">\n\t\t\t\t<div class=\"elementor-widget-container\">\n\t\t\t<style>\/*! elementor - v3.15.0 - 02-08-2023 *\/\n.elementor-heading-title{padding:0;margin:0;line-height:1}.elementor-widget-heading .elementor-heading-title[class*=elementor-size-]>a{color:inherit;font-size:inherit;line-height:inherit}.elementor-widget-heading .elementor-heading-title.elementor-size-small{font-size:15px}.elementor-widget-heading .elementor-heading-title.elementor-size-medium{font-size:19px}.elementor-widget-heading .elementor-heading-title.elementor-size-large{font-size:29px}.elementor-widget-heading .elementor-heading-title.elementor-size-xl{font-size:39px}.elementor-widget-heading .elementor-heading-title.elementor-size-xxl{font-size:59px}<\/style><h1 class=\"elementor-heading-title elementor-size-default\">\u00dcBER UNS\n<\/h1>\t\t<\/div>\n\t\t\t\t<\/div>\n\t\t\t\t\t<\/div>\n\t\t<\/div>\n\t\t\t\t<div class=\"elementor-column elementor-col-50 elementor-inner-column elementor-element elementor-element-f82d24a\" data-id=\"f82d24a\" data-element_type=\"column\">\n\t\t\t<div class=\"elementor-widget-wrap\">\n\t\t\t\t\t\t\t\t\t<\/div>\n\t\t<\/div>\n\t\t\t\t\t\t\t<\/div>\n\t\t<\/section>\n\t\t\t\t\t<\/div>\n\t\t<\/div>\n\t\t\t\t\t\t\t<\/div>\n\t\t<\/section>\n\t\t\t\t<section class=\"elementor-section elementor-top-section elementor-element elementor-element-af2056f elementor-section-full_width elementor-section-height-default elementor-section-height-default\" data-id=\"af2056f\" data-element_type=\"section\">\n\t\t\t\t\t\t<div class=\"elementor-container elementor-column-gap-no\">\n\t\t\t\t\t<div class=\"elementor-column elementor-col-100 elementor-top-column elementor-element elementor-element-5887511\" data-id=\"5887511\" data-element_type=\"column\">\n\t\t\t<div class=\"elementor-widget-wrap elementor-element-populated\">\n\t\t\t\t\t\t\t\t<section class=\"elementor-section elementor-inner-section elementor-element elementor-element-203e35a elementor-section-full_width elementor-section-height-default elementor-section-height-default\" data-id=\"203e35a\" data-element_type=\"section\">\n\t\t\t\t\t\t<div class=\"elementor-container elementor-column-gap-default\">\n\t\t\t\t\t<div class=\"elementor-column elementor-col-50 elementor-inner-column elementor-element elementor-element-f24e851\" data-id=\"f24e851\" data-element_type=\"column\" data-settings=\"{&quot;background_background&quot;:&quot;classic&quot;}\">\n\t\t\t<div class=\"elementor-widget-wrap elementor-element-populated\">\n\t\t\t\t\t\t\t\t<div class=\"elementor-element elementor-element-c50eed7 elementor-widget elementor-widget-spacer\" data-id=\"c50eed7\" data-element_type=\"widget\" data-widget_type=\"spacer.default\">\n\t\t\t\t<div class=\"elementor-widget-container\">\n\t\t\t<style>\/*! elementor - v3.15.0 - 02-08-2023 *\/\n.elementor-column .elementor-spacer-inner{height:var(--spacer-size)}.e-con{--container-widget-width:100%}.e-con-inner>.elementor-widget-spacer,.e-con>.elementor-widget-spacer{width:var(--container-widget-width,var(--spacer-size));--align-self:var(--container-widget-align-self,initial);--flex-shrink:0}.e-con-inner>.elementor-widget-spacer>.elementor-widget-container,.e-con-inner>.elementor-widget-spacer>.elementor-widget-container>.elementor-spacer,.e-con>.elementor-widget-spacer>.elementor-widget-container,.e-con>.elementor-widget-spacer>.elementor-widget-container>.elementor-spacer{height:100%}.e-con-inner>.elementor-widget-spacer>.elementor-widget-container>.elementor-spacer>.elementor-spacer-inner,.e-con>.elementor-widget-spacer>.elementor-widget-container>.elementor-spacer>.elementor-spacer-inner{height:var(--container-widget-height,var(--spacer-size))}<\/style>\t\t<div class=\"elementor-spacer\">\n\t\t\t<div class=\"elementor-spacer-inner\"><\/div>\n\t\t<\/div>\n\t\t\t\t<\/div>\n\t\t\t\t<\/div>\n\t\t\t\t\t<\/div>\n\t\t<\/div>\n\t\t\t\t<div class=\"elementor-column elementor-col-50 elementor-inner-column elementor-element elementor-element-a4ef32e\" data-id=\"a4ef32e\" data-element_type=\"column\">\n\t\t\t<div class=\"elementor-widget-wrap elementor-element-populated\">\n\t\t\t\t\t\t\t\t<div class=\"elementor-element elementor-element-abb2276 elementor-widget elementor-widget-heading\" data-id=\"abb2276\" data-element_type=\"widget\" data-widget_type=\"heading.default\">\n\t\t\t\t<div class=\"elementor-widget-container\">\n\t\t\t<h2 class=\"elementor-heading-title elementor-size-default\">Stark <\/h2>\t\t<\/div>\n\t\t\t\t<\/div>\n\t\t\t\t<div class=\"elementor-element elementor-element-736fa68 elementor-widget elementor-widget-text-editor\" data-id=\"736fa68\" data-element_type=\"widget\" data-widget_type=\"text-editor.default\">\n\t\t\t\t<div class=\"elementor-widget-container\">\n\t\t\t<style>\/*! elementor - v3.15.0 - 02-08-2023 *\/\n.elementor-widget-text-editor.elementor-drop-cap-view-stacked .elementor-drop-cap{background-color:#69727d;color:#fff}.elementor-widget-text-editor.elementor-drop-cap-view-framed .elementor-drop-cap{color:#69727d;border:3px solid;background-color:transparent}.elementor-widget-text-editor:not(.elementor-drop-cap-view-default) .elementor-drop-cap{margin-top:8px}.elementor-widget-text-editor:not(.elementor-drop-cap-view-default) .elementor-drop-cap-letter{width:1em;height:1em}.elementor-widget-text-editor .elementor-drop-cap{float:left;text-align:center;line-height:1;font-size:50px}.elementor-widget-text-editor .elementor-drop-cap-letter{display:inline-block}<\/style>\t\t\t\t<p style=\"font-weight: 400;\">Professioneller Trockenbau<br \/>und Innenausbau f\u00fcr Ihr Zuhause und Ihr Unternehmen.<\/p><p style=\"font-weight: 400;\">Die Gr\u00fcnde f\u00fcr meine<br \/>Begeisterung f\u00fcr Trockenbaustoffe reichen weit zur\u00fcck.<\/p><p style=\"font-weight: 400;\">In der Tradition meiner<br \/>Familie kam ich bereits in meiner Kindheit und Jugend mit dem Handwerk in Ber\u00fchrung.<\/p><p style=\"font-weight: 400;\">In der Tradition der Reisejahre kam ich mit verschiedenen Handwerksarten im Bereich Hausbau in Kontakt.\u00a0Ob Tischlerei, Baugewerbe, Tischlerei oder Innenausbau wie Trockenbau.<\/p><p style=\"font-weight: 400;\">Im Laufe der Jahre ist mein Eindruck gewachsen, dass meine Begeisterung im Bereich des Trockenbaus liegt.<\/p><p style=\"font-weight: 400;\">Trockenbau ist der Abschluss jeder Art von Projekt.\u00a0Ob im Eigenheim oder im Gewerbebau.\u00a0Es ist der Abschluss einer technischen Errungenschaft vieler Gewerke.<\/p><p style=\"font-weight: 400;\">Wir freuen uns darauf, gemeinsam mit Ihnen ma\u00dfgeschneiderte L\u00f6sungen f\u00fcr Ihre individuelle Wohnsituation zu entwickeln!<\/p>\t\t\t\t\t\t<\/div>\n\t\t\t\t<\/div>\n\t\t\t\t\t<\/div>\n\t\t<\/div>\n\t\t\t\t\t\t\t<\/div>\n\t\t<\/section>\n\t\t\t\t<section class=\"elementor-section elementor-inner-section elementor-element elementor-element-b80ddcd elementor-section-full_width elementor-reverse-tablet elementor-reverse-mobile elementor-section-height-default elementor-section-height-default\" data-id=\"b80ddcd\" data-element_type=\"section\">\n\t\t\t\t\t\t<div class=\"elementor-container elementor-column-gap-default\">\n\t\t\t\t\t<div class=\"elementor-column elementor-col-50 elementor-inner-column elementor-element elementor-element-c5b4cb7\" data-id=\"c5b4cb7\" data-element_type=\"column\">\n\t\t\t<div class=\"elementor-widget-wrap elementor-element-populated\">\n\t\t\t\t\t\t\t\t<div class=\"elementor-element elementor-element-bd4f47c elementor-widget elementor-widget-heading\" data-id=\"bd4f47c\" data-element_type=\"widget\" data-widget_type=\"heading.default\">\n\t\t\t\t<div class=\"elementor-widget-container\">\n\t\t\t<h2 class=\"elementor-heading-title elementor-size-default\"><p class=\"MsoNormal\">Was ist Trockenbau?\n\n<\/p><\/h2>\t\t<\/div>\n\t\t\t\t<\/div>\n\t\t\t\t<div class=\"elementor-element elementor-element-e61ed33 elementor-widget elementor-widget-text-editor\" data-id=\"e61ed33\" data-element_type=\"widget\" data-widget_type=\"text-editor.default\">\n\t\t\t\t<div class=\"elementor-widget-container\">\n\t\t\t\t\t\t\t<p class=\"MsoNormal\"><span>Trockenbau ist die moderne und saubere M\u00f6glichkeit, Ihre W\u00fcnsche an Raumaufteilung und Innenarchitektur kosteng\u00fcnstig zu verwirklichen.\u00a0<\/span><span>Ob neue Wand oder abgeh\u00e4ngte Decke mit indirekter Beleuchtung \u2013 Ihr Trockenbauer STARK macht es m\u00f6glich.<\/span><\/p>\t\t\t\t\t\t<\/div>\n\t\t\t\t<\/div>\n\t\t\t\t<div class=\"elementor-element elementor-element-51378d4 elementor-widget elementor-widget-text-editor\" data-id=\"51378d4\" data-element_type=\"widget\" data-widget_type=\"text-editor.default\">\n\t\t\t\t<div class=\"elementor-widget-container\">\n\t\t\t\t\t\t\t<p class=\"MsoNormal\"><span>F\u00fcr die Raumaufteilung Ihrer B\u00fcror\u00e4ume oder Ihres Einfamilienhauses ist der Trockenbau nahezu unverzichtbar geworden.\u00a0<\/span><span>Nicht nur die unkomplizierte, schnelle und saubere Ausf\u00fchrung von Trockenbau- und Trockenbaudecken macht diese Bauweise so effektiv, sondern auch die vielf\u00e4ltigen Einsatzm\u00f6glichkeiten von Gipskartonplatten.\u00a0<\/span><span>So k\u00f6nnen Sie unansehnliche Rohre verkleiden und R\u00e4ume wohnlicher gestalten.\u00a0<\/span><span>Wir erf\u00fcllen Ihre individuellen W\u00fcnsche.\u00a0<\/span><span>Ihr Trockenbaubauer STARK.\u00a0<\/span><span>F\u00fcr ein kostenloses Beratungsgespr\u00e4ch stehen wir Ihnen gerne zur Verf\u00fcgung!\u00a0<\/span><span>Kontaktiere uns.<\/span><\/p>\t\t\t\t\t\t<\/div>\n\t\t\t\t<\/div>\n\t\t\t\t\t<\/div>\n\t\t<\/div>\n\t\t\t\t<div class=\"elementor-column elementor-col-50 elementor-inner-column elementor-element elementor-element-e6bc642\" data-id=\"e6bc642\" data-element_type=\"column\" data-settings=\"{&quot;background_background&quot;:&quot;classic&quot;}\">\n\t\t\t<div class=\"elementor-widget-wrap elementor-element-populated\">\n\t\t\t\t\t\t\t\t<div class=\"elementor-element elementor-element-9e08f98 elementor-widget elementor-widget-spacer\" data-id=\"9e08f98\" data-element_type=\"widget\" data-widget_type=\"spacer.default\">\n\t\t\t\t<div class=\"elementor-widget-container\">\n\t\t\t\t\t<div class=\"elementor-spacer\">\n\t\t\t<div class=\"elementor-spacer-inner\"><\/div>\n\t\t<\/div>\n\t\t\t\t<\/div>\n\t\t\t\t<\/div>\n\t\t\t\t\t<\/div>\n\t\t<\/div>\n\t\t\t\t\t\t\t<\/div>\n\t\t<\/section>\n\t\t\t\t\t<\/div>\n\t\t<\/div>\n\t\t\t\t\t\t\t<\/div>\n\t\t<\/section>\n\t\t\t\t<section class=\"elementor-section elementor-top-section elementor-element elementor-element-943ca9c elementor-section-boxed elementor-section-height-default elementor-section-height-default\" data-id=\"943ca9c\" data-element_type=\"section\" data-settings=\"{&quot;background_background&quot;:&quot;classic&quot;}\">\n\t\t\t\t\t\t\t<div class=\"elementor-background-overlay\"><\/div>\n\t\t\t\t\t\t\t<div class=\"elementor-container elementor-column-gap-default\">\n\t\t\t\t\t<div class=\"elementor-column elementor-col-100 elementor-top-column elementor-element elementor-element-6e09887\" data-id=\"6e09887\" data-element_type=\"column\">\n\t\t\t<div class=\"elementor-widget-wrap elementor-element-populated\">\n\t\t\t\t\t\t\t\t<section class=\"elementor-section elementor-inner-section elementor-element elementor-element-b4ca2a9 elementor-section-boxed elementor-section-height-default elementor-section-height-default\" data-id=\"b4ca2a9\" data-element_type=\"section\">\n\t\t\t\t\t\t<div class=\"elementor-container elementor-column-gap-wider\">\n\t\t\t\t\t<div class=\"elementor-column elementor-col-33 elementor-inner-column elementor-element elementor-element-668af37\" data-id=\"668af37\" data-element_type=\"column\">\n\t\t\t<div class=\"elementor-widget-wrap elementor-element-populated\">\n\t\t\t\t\t\t\t\t<div class=\"elementor-element elementor-element-b3ea17a elementor-view-default elementor-widget elementor-widget-icon\" data-id=\"b3ea17a\" data-element_type=\"widget\" data-widget_type=\"icon.default\">\n\t\t\t\t<div class=\"elementor-widget-container\">\n\t\t\t\t\t<div class=\"elementor-icon-wrapper\">\n\t\t\t<div class=\"elementor-icon\">\n\t\t\t<i aria-hidden=\"true\" class=\"far fa-user\"><\/i>\t\t\t<\/div>\n\t\t<\/div>\n\t\t\t\t<\/div>\n\t\t\t\t<\/div>\n\t\t\t\t<div class=\"elementor-element elementor-element-81d9ab2 elementor-widget elementor-widget-heading\" data-id=\"81d9ab2\" data-element_type=\"widget\" data-widget_type=\"heading.default\">\n\t\t\t\t<div class=\"elementor-widget-container\">\n\t\t\t<h3 class=\"elementor-heading-title elementor-size-default\">Wer wir sind\n<\/h3>\t\t<\/div>\n\t\t\t\t<\/div>\n\t\t\t\t<div class=\"elementor-element elementor-element-354de50 elementor-widget elementor-widget-text-editor\" data-id=\"354de50\" data-element_type=\"widget\" data-widget_type=\"text-editor.default\">\n\t\t\t\t<div class=\"elementor-widget-container\">\n\t\t\t\t\t\t\t<p><span>Wir sind ein engagiertes Team von Fachkr\u00e4ften bei Strak Trockenbau, das sich auf die Installation, Fertigstellung und Reparatur von Trockenbauw\u00e4nden spezialisiert hat.\u00a0<\/span><span>Mit Leidenschaft f\u00fcr Pr\u00e4zision und der Verpflichtung zu Spitzenleistungen bringen wir Fachwissen, Kreativit\u00e4t und Zuverl\u00e4ssigkeit in jedes unserer Projekte ein.\u00a0<\/span><span>Unsere jahrelange Erfahrung in der Branche hat unsere F\u00e4higkeiten verfeinert und unser Verst\u00e4ndnis f\u00fcr die Kunst und Wissenschaft des Trockenbaus vertieft.\u00a0<\/span><span>Wir sind stolz auf unsere Liebe zum Detail, unseren individuellen Ansatz und die F\u00e4higkeit, Ideen in die Realit\u00e4t umzusetzen.\u00a0<\/span><span>Bei Strak Trockenbau sind wir mehr als nur ein Trockenbauunternehmen;\u00a0<\/span><span>Wir sind Ihr Partner bei der Gestaltung von R\u00e4umen und der Schaffung bleibender Eindr\u00fccke.<\/span><\/p>\t\t\t\t\t\t<\/div>\n\t\t\t\t<\/div>\n\t\t\t\t\t<\/div>\n\t\t<\/div>\n\t\t\t\t<div class=\"elementor-column elementor-col-33 elementor-inner-column elementor-element elementor-element-09fa707\" data-id=\"09fa707\" data-element_type=\"column\">\n\t\t\t<div class=\"elementor-widget-wrap elementor-element-populated\">\n\t\t\t\t\t\t\t\t<div class=\"elementor-element elementor-element-45587a9 elementor-view-default elementor-widget elementor-widget-icon\" data-id=\"45587a9\" data-element_type=\"widget\" data-widget_type=\"icon.default\">\n\t\t\t\t<div class=\"elementor-widget-container\">\n\t\t\t\t\t<div class=\"elementor-icon-wrapper\">\n\t\t\t<div class=\"elementor-icon\">\n\t\t\t<i aria-hidden=\"true\" class=\"far fa-paper-plane\"><\/i>\t\t\t<\/div>\n\t\t<\/div>\n\t\t\t\t<\/div>\n\t\t\t\t<\/div>\n\t\t\t\t<div class=\"elementor-element elementor-element-5bed0a2 elementor-widget elementor-widget-heading\" data-id=\"5bed0a2\" data-element_type=\"widget\" data-widget_type=\"heading.default\">\n\t\t\t\t<div class=\"elementor-widget-container\">\n\t\t\t<h3 class=\"elementor-heading-title elementor-size-default\">Mission<\/h3>\t\t<\/div>\n\t\t\t\t<\/div>\n\t\t\t\t<div class=\"elementor-element elementor-element-e4ba0bf elementor-widget elementor-widget-text-editor\" data-id=\"e4ba0bf\" data-element_type=\"widget\" data-widget_type=\"text-editor.default\">\n\t\t\t\t<div class=\"elementor-widget-container\">\n\t\t\t\t\t\t\t<p>Bereitstellung au\u00dfergew\u00f6hnlicher Trockenbaul\u00f6sungen, die die strukturelle Integrit\u00e4t, \u00c4sthetik und Funktionalit\u00e4t von R\u00e4umen verbessern und gleichzeitig durch handwerkliches K\u00f6nnen, Innovation und zuverl\u00e4ssigen Service eine beispiellose Kundenzufriedenheit bieten.<\/p>\t\t\t\t\t\t<\/div>\n\t\t\t\t<\/div>\n\t\t\t\t\t<\/div>\n\t\t<\/div>\n\t\t\t\t<div class=\"elementor-column elementor-col-33 elementor-inner-column elementor-element elementor-element-869f3de\" data-id=\"869f3de\" data-element_type=\"column\">\n\t\t\t<div class=\"elementor-widget-wrap elementor-element-populated\">\n\t\t\t\t\t\t\t\t<div class=\"elementor-element elementor-element-5e3a499 elementor-view-default elementor-widget elementor-widget-icon\" data-id=\"5e3a499\" data-element_type=\"widget\" data-widget_type=\"icon.default\">\n\t\t\t\t<div class=\"elementor-widget-container\">\n\t\t\t\t\t<div class=\"elementor-icon-wrapper\">\n\t\t\t<div class=\"elementor-icon\">\n\t\t\t<i aria-hidden=\"true\" class=\"far fa-eye\"><\/i>\t\t\t<\/div>\n\t\t<\/div>\n\t\t\t\t<\/div>\n\t\t\t\t<\/div>\n\t\t\t\t<div class=\"elementor-element elementor-element-d1edba1 elementor-widget elementor-widget-heading\" data-id=\"d1edba1\" data-element_type=\"widget\" data-widget_type=\"heading.default\">\n\t\t\t\t<div class=\"elementor-widget-container\">\n\t\t\t<h3 class=\"elementor-heading-title elementor-size-default\">Vision<\/h3>\t\t<\/div>\n\t\t\t\t<\/div>\n\t\t\t\t<div class=\"elementor-element elementor-element-8416ee1 elementor-widget elementor-widget-text-editor\" data-id=\"8416ee1\" data-element_type=\"widget\" data-widget_type=\"text-editor.default\">\n\t\t\t\t<div class=\"elementor-widget-container\">\n\t\t\t\t\t\t\t<p><span>Das f\u00fchrende und vertrauensw\u00fcrdigste Trockenbauunternehmen der Branche zu sein, anerkannt f\u00fcr unser unersch\u00fctterliches Engagement f\u00fcr Qualit\u00e4t, Professionalit\u00e4t und Innovation.\u00a0<\/span><span>Unser Ziel ist es, R\u00e4ume in Kunstwerke zu verwandeln, neue Ma\u00dfst\u00e4be f\u00fcr Exzellenz bei der Installation und Verarbeitung von Trockenbauw\u00e4nden zu setzen und zur Schaffung inspirierender Umgebungen beizutragen.<\/span><\/p>\t\t\t\t\t\t<\/div>\n\t\t\t\t<\/div>\n\t\t\t\t\t<\/div>\n\t\t<\/div>\n\t\t\t\t\t\t\t<\/div>\n\t\t<\/section>\n\t\t\t\t\t<\/div>\n\t\t<\/div>\n\t\t\t\t\t\t\t<\/div>\n\t\t<\/section>\n\t\t\t\t\t\t\t<\/div>\n\t\t","protected":false},"excerpt":{"rendered":"<p>Home \u00dcBER UNS Stark Professioneller Trockenbauund Innenausbau f\u00fcr Ihr Zuhause und Ihr Unternehmen. Die Gr\u00fcnde f\u00fcr meineBegeisterung f\u00fcr Trockenbaustoffe reichen weit zur\u00fcck. In der Tradition meinerFamilie kam ich bereits in meiner Kindheit und Jugend mit dem Handwerk in Ber\u00fchrung. In der Tradition der Reisejahre kam ich mit verschiedenen Handwerksarten im Bereich Hausbau in Kontakt.\u00a0Ob Tischlerei,<\/p>\n","protected":false},"author":1,"featured_media":0,"parent":0,"menu_order":0,"comment_status":"closed","ping_status":"closed","template":"","meta":[],"_links":{"self":[{"href":"https:\/\/starktrockenbau.de\/index.php\/wp-json\/wp\/v2\/pages\/1535"}],"collection":[{"href":"https:\/\/starktrockenbau.de\/index.php\/wp-json\/wp\/v2\/pages"}],"about":[{"href":"https:\/\/starktrockenbau.de\/index.php\/wp-json\/wp\/v2\/types\/page"}],"author":[{"embeddable":true,"href":"https:\/\/starktrockenbau.de\/index.php\/wp-json\/wp\/v2\/users\/1"}],"replies":[{"embeddable":true,"href":"https:\/\/starktrockenbau.de\/index.php\/wp-json\/wp\/v2\/comments?post=1535"}],"version-history":[{"count":17,"href":"https:\/\/starktrockenbau.de\/index.php\/wp-json\/wp\/v2\/pages\/1535\/revisions"}],"predecessor-version":[{"id":2986,"href":"https:\/\/starktrockenbau.de\/index.php\/wp-json\/wp\/v2\/pages\/1535\/revisions\/2986"}],"wp:attachment":[{"href":"https:\/\/starktrockenbau.de\/index.php\/wp-json\/wp\/v2\/media?parent=1535"}],"curies":[{"name":"wp","href":"https:\/\/api.w.org\/{rel}","templated":true}]}}