{"id":1292,"date":"2020-04-25T02:33:40","date_gmt":"2020-04-25T02:33:40","guid":{"rendered":"https:\/\/estand.deothemes.com\/roofing\/?page_id=1292"},"modified":"2023-08-13T11:29:16","modified_gmt":"2023-08-13T11:29:16","slug":"projects-gallery-4-columns","status":"publish","type":"page","link":"https:\/\/starktrockenbau.de\/index.php\/projects-gallery-4-columns\/","title":{"rendered":"Projects Gallery"},"content":{"rendered":"\t\t<div data-elementor-type=\"wp-page\" data-elementor-id=\"1292\" class=\"elementor elementor-1292\">\n\t\t\t\t\t\t\t\t\t<section class=\"elementor-section elementor-top-section elementor-element elementor-element-caa2aef elementor-section-boxed elementor-section-height-default elementor-section-height-default\" data-id=\"caa2aef\" data-element_type=\"section\" data-settings=\"{&quot;background_background&quot;:&quot;classic&quot;}\">\n\t\t\t\t\t\t\t<div class=\"elementor-background-overlay\"><\/div>\n\t\t\t\t\t\t\t<div class=\"elementor-container elementor-column-gap-default\">\n\t\t\t\t\t<div class=\"elementor-column elementor-col-100 elementor-top-column elementor-element elementor-element-3582b1e\" data-id=\"3582b1e\" data-element_type=\"column\">\n\t\t\t<div class=\"elementor-widget-wrap elementor-element-populated\">\n\t\t\t\t\t\t\t\t<section class=\"elementor-section elementor-inner-section elementor-element elementor-element-deafc24 elementor-section-boxed elementor-section-height-default elementor-section-height-default\" data-id=\"deafc24\" data-element_type=\"section\">\n\t\t\t\t\t\t<div class=\"elementor-container elementor-column-gap-default\">\n\t\t\t\t\t<div class=\"elementor-column elementor-col-50 elementor-inner-column elementor-element elementor-element-3263a1b\" data-id=\"3263a1b\" data-element_type=\"column\">\n\t\t\t<div class=\"elementor-widget-wrap elementor-element-populated\">\n\t\t\t\t\t\t\t\t<div class=\"elementor-element elementor-element-e279c21 elementor-widget elementor-widget-deo-breadcrumbs\" data-id=\"e279c21\" data-element_type=\"widget\" data-widget_type=\"deo-breadcrumbs.default\">\n\t\t\t\t<div class=\"elementor-widget-container\">\n\t\t\t\t\t\t<div class=\"breadcrumbs deo-elementor-breadcrumbs\" typeof=\"BreadcrumbList\" vocab=\"https:\/\/schema.org\/\">\r\n\t\t\t\t\n<span property=\"itemListElement\" typeof=\"ListItem\"><a property=\"item\" typeof=\"WebPage\" title=\"Go to Stark Trockenbau.\" href=\"https:\/\/starktrockenbau.de\" class=\"home\" aria-current=\"page\"><span property=\"name\">Home<\/span><\/a><meta property=\"position\" content=\"1\"><\/span>\t\t\t<\/div>\r\n\t\t\t\t\t<\/div>\n\t\t\t\t<\/div>\n\t\t\t\t<div class=\"elementor-element elementor-element-6a58257 elementor-widget elementor-widget-heading\" data-id=\"6a58257\" data-element_type=\"widget\" data-widget_type=\"heading.default\">\n\t\t\t\t<div class=\"elementor-widget-container\">\n\t\t\t<style>\/*! elementor - v3.15.0 - 02-08-2023 *\/\n.elementor-heading-title{padding:0;margin:0;line-height:1}.elementor-widget-heading .elementor-heading-title[class*=elementor-size-]>a{color:inherit;font-size:inherit;line-height:inherit}.elementor-widget-heading .elementor-heading-title.elementor-size-small{font-size:15px}.elementor-widget-heading .elementor-heading-title.elementor-size-medium{font-size:19px}.elementor-widget-heading .elementor-heading-title.elementor-size-large{font-size:29px}.elementor-widget-heading .elementor-heading-title.elementor-size-xl{font-size:39px}.elementor-widget-heading .elementor-heading-title.elementor-size-xxl{font-size:59px}<\/style><h1 class=\"elementor-heading-title elementor-size-default\">PROJEKTE-GALERIE\n<\/h1>\t\t<\/div>\n\t\t\t\t<\/div>\n\t\t\t\t\t<\/div>\n\t\t<\/div>\n\t\t\t\t<div class=\"elementor-column elementor-col-50 elementor-inner-column elementor-element elementor-element-affdc64\" data-id=\"affdc64\" data-element_type=\"column\">\n\t\t\t<div class=\"elementor-widget-wrap\">\n\t\t\t\t\t\t\t\t\t<\/div>\n\t\t<\/div>\n\t\t\t\t\t\t\t<\/div>\n\t\t<\/section>\n\t\t\t\t\t<\/div>\n\t\t<\/div>\n\t\t\t\t\t\t\t<\/div>\n\t\t<\/section>\n\t\t\t\t<section class=\"elementor-section elementor-top-section elementor-element elementor-element-e143824 elementor-section-boxed elementor-section-height-default elementor-section-height-default\" data-id=\"e143824\" data-element_type=\"section\">\n\t\t\t\t\t\t<div class=\"elementor-container elementor-column-gap-default\">\n\t\t\t\t\t<div class=\"elementor-column elementor-col-100 elementor-top-column elementor-element elementor-element-abf42dc\" data-id=\"abf42dc\" data-element_type=\"column\">\n\t\t\t<div class=\"elementor-widget-wrap elementor-element-populated\">\n\t\t\t\t\t\t\t\t<section class=\"elementor-section elementor-inner-section elementor-element elementor-element-3314bef elementor-section-boxed elementor-section-height-default elementor-section-height-default\" data-id=\"3314bef\" data-element_type=\"section\">\n\t\t\t\t\t\t<div class=\"elementor-container elementor-column-gap-default\">\n\t\t\t\t\t<div class=\"elementor-column elementor-col-100 elementor-inner-column elementor-element elementor-element-2f34636\" data-id=\"2f34636\" data-element_type=\"column\">\n\t\t\t<div class=\"elementor-widget-wrap elementor-element-populated\">\n\t\t\t\t\t\t\t\t<div class=\"elementor-element elementor-element-3338b01 projects-layout--default elementor-widget elementor-widget-deo-projects\" data-id=\"3338b01\" data-element_type=\"widget\" data-settings=\"{&quot;post_columns&quot;:&quot;3&quot;,&quot;post_columns_tablet&quot;:6,&quot;post_columns_mobile&quot;:12}\" data-widget_type=\"deo-projects.default\">\n\t\t\t\t<div class=\"elementor-widget-container\">\n\t\t\t<div class=\"deo-load-more-container\"\r\n\t\t\t\t\t\t\tdata-page_max=\"1\"\r\n\t\t\t\t\t\t\tdata-page=\"1\"\r\n\t\t\t\t\t\t\tdata-settings='{\"block_id\":\"3338b01\",\"post_type\":\"projects\",\"widget_type\":\"deo-projects\",\"projects_layout\":\"default\",\"projects_title_inside\":\"yes\",\"disable_url\":\"\",\"title_tag\":\"h3\",\"image_hide\":\"\",\"image_size\":\"estand_project_gallery\",\"categories_hide\":\"\",\"ignore_sticky_posts\":\"yes\",\"posts_per_page\":8,\"post_columns_mobile\":12,\"post_columns_tablet\":6,\"post_columns\":\"3\",\"filter_item_list\":[\"trockenbau\"],\"orderby\":\"date\",\"order\":\"DESC\",\"filterby\":\"recent\"}'>\r\n\t\t\t<div class=\"row masonry-grid__project masonry-grid__project-3338b01\">\r\n\r\n\t\t\t\t<div class=\"grid-sizer col-12 col-md-6 col-lg-3\"><\/div>\t\t\t\t\t\r\n\r\n\t\t\t\t\t<div class=\"project masonry-item col-12 col-md-6 col-lg-3 trockenbau \">\r\n\t\t\t\t\t\t<article id=\"post-1273\" class=\"project__entry post-1273 projects type-projects status-publish has-post-thumbnail hentry projects_categories-trockenbau\" itemscope=\"itemscope\" itemtype=\"https:\/\/schema.org\/Article\">\r\n\r\n\t\t\t\t\t\t\t\t\t\t\t<figure class=\"entry__img-holder project__img-holder\">\r\n\t\t\t\t\t\r\n\t\t\t\t\t\t\t\t\t\t\t<a href=\"https:\/\/starktrockenbau.de\/index.php\/projects\/privater-laden-in-goppingen\/\" title=\"PRIVATER LADEN IN G\u00d6PPINGEN\">\r\n\t\t\t\t\t\r\n\t\t\t\t\t\t<img width=\"473\" height=\"473\" src=\"https:\/\/starktrockenbau.de\/ubyptuze\/2020\/04\/948a44ee-ae94-47d6-bd72-61af3c865bfb-473x473.jpeg\" class=\"entry__img project__img wp-post-image\" alt=\"\" decoding=\"async\" loading=\"lazy\" srcset=\"https:\/\/starktrockenbau.de\/ubyptuze\/2020\/04\/948a44ee-ae94-47d6-bd72-61af3c865bfb-473x473.jpeg 473w, https:\/\/starktrockenbau.de\/ubyptuze\/2020\/04\/948a44ee-ae94-47d6-bd72-61af3c865bfb-150x150.jpeg 150w, https:\/\/starktrockenbau.de\/ubyptuze\/2020\/04\/948a44ee-ae94-47d6-bd72-61af3c865bfb-180x180.jpeg 180w, https:\/\/starktrockenbau.de\/ubyptuze\/2020\/04\/948a44ee-ae94-47d6-bd72-61af3c865bfb-900x900.jpeg 900w, https:\/\/starktrockenbau.de\/ubyptuze\/2020\/04\/948a44ee-ae94-47d6-bd72-61af3c865bfb-345x345.jpeg 345w, https:\/\/starktrockenbau.de\/ubyptuze\/2020\/04\/948a44ee-ae94-47d6-bd72-61af3c865bfb-145x145.jpeg 145w\" sizes=\"(max-width: 473px) 100vw, 473px\" \/>\r\n\t\t\t\t\t\t\r\n\t\t\t\t\t\t\t\t\t\t\t<\/a>\r\n\t\t\t\t\t\r\n\t\t\t\t\t\t\t\t\t\t\t\t\t\t\t\t\t\t<div class=\"project__description-wrap\">\r\n\t\t\t\t\t\t\t\t<div class=\"project__description\">\r\n\t\t\t\t\t\t\t\t\t<div class=\"project__categories\"><a href=\"https:\/\/starktrockenbau.de\/index.php\/projects_categories\/trockenbau\/\" class=\"project__category entry-category\">Trockenbau<\/a><\/div>\t\t\t\t\t\t\t\t\t\t\t\t<h3 class=\"entry__title project__title title-underline\">\r\n\t\t\t\t\t\t\t\t\t<a href=\"https:\/\/starktrockenbau.de\/index.php\/projects\/privater-laden-in-goppingen\/\">\r\n\t\t\t\t\t\t\t\t\tPRIVATER LADEN IN G\u00d6PPINGEN\t\t\t\t\t\t\t\t\t<\/a>\r\n\t\t\t\t\t\t\t<\/h3>\r\n\t\t\t\r\n\t\t\t\t\t\t\t\t<\/div>\r\n\t\t\t\t\t\t\t<\/div>\r\n\t\t\t\t\t\t\t\t\t\t\t\t\t\t\t\t\r\n\t\t\t\t<\/figure>\r\n\t\t\t\r\n\t\t\t\t\t\t\t\r\n\t\t\t\t\t\t<\/article>\r\n\t\t\t\t\t<\/div>\r\n\r\n\t\t\t\t\t\t\t\t\t\t\r\n\r\n\t\t\t\t\t\t\t\t\t\r\n\r\n\t\t\t\t\t<div class=\"project masonry-item col-12 col-md-6 col-lg-3 trockenbau \">\r\n\t\t\t\t\t\t<article id=\"post-1271\" class=\"project__entry post-1271 projects type-projects status-publish has-post-thumbnail hentry projects_categories-trockenbau\" itemscope=\"itemscope\" itemtype=\"https:\/\/schema.org\/Article\">\r\n\r\n\t\t\t\t\t\t\t\t\t\t\t<figure class=\"entry__img-holder project__img-holder\">\r\n\t\t\t\t\t\r\n\t\t\t\t\t\t\t\t\t\t\t<a href=\"https:\/\/starktrockenbau.de\/index.php\/projects\/privathaus-in-goppingen\/\" title=\"PRIVATHAUS IN G\u00d6PPINGEN\">\r\n\t\t\t\t\t\r\n\t\t\t\t\t\t<img width=\"473\" height=\"473\" src=\"https:\/\/starktrockenbau.de\/ubyptuze\/2020\/04\/102b088c-a4d2-4664-91bf-a180fb0cd6a2-473x473.jpeg\" class=\"entry__img project__img wp-post-image\" alt=\"\" decoding=\"async\" loading=\"lazy\" srcset=\"https:\/\/starktrockenbau.de\/ubyptuze\/2020\/04\/102b088c-a4d2-4664-91bf-a180fb0cd6a2-473x473.jpeg 473w, https:\/\/starktrockenbau.de\/ubyptuze\/2020\/04\/102b088c-a4d2-4664-91bf-a180fb0cd6a2-150x150.jpeg 150w, https:\/\/starktrockenbau.de\/ubyptuze\/2020\/04\/102b088c-a4d2-4664-91bf-a180fb0cd6a2-180x180.jpeg 180w, https:\/\/starktrockenbau.de\/ubyptuze\/2020\/04\/102b088c-a4d2-4664-91bf-a180fb0cd6a2-900x900.jpeg 900w, https:\/\/starktrockenbau.de\/ubyptuze\/2020\/04\/102b088c-a4d2-4664-91bf-a180fb0cd6a2-345x345.jpeg 345w, https:\/\/starktrockenbau.de\/ubyptuze\/2020\/04\/102b088c-a4d2-4664-91bf-a180fb0cd6a2-145x145.jpeg 145w\" sizes=\"(max-width: 473px) 100vw, 473px\" \/>\r\n\t\t\t\t\t\t\r\n\t\t\t\t\t\t\t\t\t\t\t<\/a>\r\n\t\t\t\t\t\r\n\t\t\t\t\t\t\t\t\t\t\t\t\t\t\t\t\t\t<div class=\"project__description-wrap\">\r\n\t\t\t\t\t\t\t\t<div class=\"project__description\">\r\n\t\t\t\t\t\t\t\t\t<div class=\"project__categories\"><a href=\"https:\/\/starktrockenbau.de\/index.php\/projects_categories\/trockenbau\/\" class=\"project__category entry-category\">Trockenbau<\/a><\/div>\t\t\t\t\t\t\t\t\t\t\t\t<h3 class=\"entry__title project__title title-underline\">\r\n\t\t\t\t\t\t\t\t\t<a href=\"https:\/\/starktrockenbau.de\/index.php\/projects\/privathaus-in-goppingen\/\">\r\n\t\t\t\t\t\t\t\t\tPRIVATHAUS IN G\u00d6PPINGEN\t\t\t\t\t\t\t\t\t<\/a>\r\n\t\t\t\t\t\t\t<\/h3>\r\n\t\t\t\r\n\t\t\t\t\t\t\t\t<\/div>\r\n\t\t\t\t\t\t\t<\/div>\r\n\t\t\t\t\t\t\t\t\t\t\t\t\t\t\t\t\r\n\t\t\t\t<\/figure>\r\n\t\t\t\r\n\t\t\t\t\t\t\t\r\n\t\t\t\t\t\t<\/article>\r\n\t\t\t\t\t<\/div>\r\n\r\n\t\t\t\t\t\t\t\t\t\t\r\n\r\n\t\t\t\t\t\t\t\t\t\r\n\r\n\t\t\t\t\t<div class=\"project masonry-item col-12 col-md-6 col-lg-3 trockenbau \">\r\n\t\t\t\t\t\t<article id=\"post-1269\" class=\"project__entry post-1269 projects type-projects status-publish has-post-thumbnail hentry projects_categories-trockenbau\" itemscope=\"itemscope\" itemtype=\"https:\/\/schema.org\/Article\">\r\n\r\n\t\t\t\t\t\t\t\t\t\t\t<figure class=\"entry__img-holder project__img-holder\">\r\n\t\t\t\t\t\r\n\t\t\t\t\t\t\t\t\t\t\t<a href=\"https:\/\/starktrockenbau.de\/index.php\/projects\/cprivater-laden-in-goppingen1\/\" title=\"PRIVATER LADEN IN G\u00d6PPINGEN\">\r\n\t\t\t\t\t\r\n\t\t\t\t\t\t<img width=\"473\" height=\"473\" src=\"https:\/\/starktrockenbau.de\/ubyptuze\/2020\/04\/WhatsApp-Image-2023-07-31-at-3.11.15-PM-1-473x473.jpeg\" class=\"entry__img project__img wp-post-image\" alt=\"\" decoding=\"async\" loading=\"lazy\" srcset=\"https:\/\/starktrockenbau.de\/ubyptuze\/2020\/04\/WhatsApp-Image-2023-07-31-at-3.11.15-PM-1-473x473.jpeg 473w, https:\/\/starktrockenbau.de\/ubyptuze\/2020\/04\/WhatsApp-Image-2023-07-31-at-3.11.15-PM-1-150x150.jpeg 150w, https:\/\/starktrockenbau.de\/ubyptuze\/2020\/04\/WhatsApp-Image-2023-07-31-at-3.11.15-PM-1-180x180.jpeg 180w, https:\/\/starktrockenbau.de\/ubyptuze\/2020\/04\/WhatsApp-Image-2023-07-31-at-3.11.15-PM-1-900x900.jpeg 900w, https:\/\/starktrockenbau.de\/ubyptuze\/2020\/04\/WhatsApp-Image-2023-07-31-at-3.11.15-PM-1-345x345.jpeg 345w, https:\/\/starktrockenbau.de\/ubyptuze\/2020\/04\/WhatsApp-Image-2023-07-31-at-3.11.15-PM-1-145x145.jpeg 145w\" sizes=\"(max-width: 473px) 100vw, 473px\" \/>\r\n\t\t\t\t\t\t\r\n\t\t\t\t\t\t\t\t\t\t\t<\/a>\r\n\t\t\t\t\t\r\n\t\t\t\t\t\t\t\t\t\t\t\t\t\t\t\t\t\t<div class=\"project__description-wrap\">\r\n\t\t\t\t\t\t\t\t<div class=\"project__description\">\r\n\t\t\t\t\t\t\t\t\t<div class=\"project__categories\"><a href=\"https:\/\/starktrockenbau.de\/index.php\/projects_categories\/trockenbau\/\" class=\"project__category entry-category\">Trockenbau<\/a><\/div>\t\t\t\t\t\t\t\t\t\t\t\t<h3 class=\"entry__title project__title title-underline\">\r\n\t\t\t\t\t\t\t\t\t<a href=\"https:\/\/starktrockenbau.de\/index.php\/projects\/cprivater-laden-in-goppingen1\/\">\r\n\t\t\t\t\t\t\t\t\tPRIVATER LADEN IN G\u00d6PPINGEN\t\t\t\t\t\t\t\t\t<\/a>\r\n\t\t\t\t\t\t\t<\/h3>\r\n\t\t\t\r\n\t\t\t\t\t\t\t\t<\/div>\r\n\t\t\t\t\t\t\t<\/div>\r\n\t\t\t\t\t\t\t\t\t\t\t\t\t\t\t\t\r\n\t\t\t\t<\/figure>\r\n\t\t\t\r\n\t\t\t\t\t\t\t\r\n\t\t\t\t\t\t<\/article>\r\n\t\t\t\t\t<\/div>\r\n\r\n\t\t\t\t\t\t\t\t\t\t\r\n\r\n\t\t\t\t\r\n\t\t\t\t\r\n\t\t\t<\/div> \r\n\r\n\t\t<\/div> \t\t<\/div>\n\t\t\t\t<\/div>\n\t\t\t\t\t<\/div>\n\t\t<\/div>\n\t\t\t\t\t\t\t<\/div>\n\t\t<\/section>\n\t\t\t\t\t<\/div>\n\t\t<\/div>\n\t\t\t\t\t\t\t<\/div>\n\t\t<\/section>\n\t\t\t\t<section class=\"elementor-section elementor-top-section elementor-element elementor-element-a83e201 elementor-section-boxed elementor-section-height-default elementor-section-height-default\" data-id=\"a83e201\" data-element_type=\"section\" data-settings=\"{&quot;background_background&quot;:&quot;classic&quot;}\">\n\t\t\t\t\t\t<div class=\"elementor-container elementor-column-gap-default\">\n\t\t\t\t\t<div class=\"elementor-column elementor-col-100 elementor-top-column elementor-element elementor-element-e9753fa\" data-id=\"e9753fa\" data-element_type=\"column\">\n\t\t\t<div class=\"elementor-widget-wrap elementor-element-populated\">\n\t\t\t\t\t\t\t\t<section class=\"elementor-section elementor-inner-section elementor-element elementor-element-5dc3903 elementor-section-boxed elementor-section-height-default elementor-section-height-default\" data-id=\"5dc3903\" data-element_type=\"section\">\n\t\t\t\t\t\t<div class=\"elementor-container elementor-column-gap-default\">\n\t\t\t\t\t<div class=\"elementor-column elementor-col-50 elementor-inner-column elementor-element elementor-element-526fdbc\" data-id=\"526fdbc\" data-element_type=\"column\">\n\t\t\t<div class=\"elementor-widget-wrap elementor-element-populated\">\n\t\t\t\t\t\t\t\t<div class=\"elementor-element elementor-element-e9b2bbc elementor-widget elementor-widget-heading\" data-id=\"e9b2bbc\" data-element_type=\"widget\" data-widget_type=\"heading.default\">\n\t\t\t\t<div class=\"elementor-widget-container\">\n\t\t\t<h3 class=\"elementor-heading-title elementor-size-default\">M\u00f6chten Sie unserem Team beitreten?\n<\/h3>\t\t<\/div>\n\t\t\t\t<\/div>\n\t\t\t\t\t<\/div>\n\t\t<\/div>\n\t\t\t\t<div class=\"elementor-column elementor-col-50 elementor-inner-column elementor-element elementor-element-b43c061\" data-id=\"b43c061\" data-element_type=\"column\">\n\t\t\t<div class=\"elementor-widget-wrap elementor-element-populated\">\n\t\t\t\t\t\t\t\t<div class=\"elementor-element elementor-element-8fc0d1a elementor-align-right elementor-tablet-align-center elementor-mobile-align-center deo-button-with-arrow deo-button-hover-pulse elementor-widget elementor-widget-button\" data-id=\"8fc0d1a\" data-element_type=\"widget\" data-widget_type=\"button.default\">\n\t\t\t\t<div class=\"elementor-widget-container\">\n\t\t\t\t\t<div class=\"elementor-button-wrapper\">\n\t\t\t<a class=\"elementor-button elementor-button-link elementor-size-xl\" href=\"https:\/\/starktrockenbau.de\/index.php\/contact\/\">\n\t\t\t\t\t\t<span class=\"elementor-button-content-wrapper\">\n\t\t\t\t\t\t<span class=\"elementor-button-text\">Kontaktiere uns<\/span>\n\t\t<\/span>\n\t\t\t\t\t<\/a>\n\t\t<\/div>\n\t\t\t\t<\/div>\n\t\t\t\t<\/div>\n\t\t\t\t\t<\/div>\n\t\t<\/div>\n\t\t\t\t\t\t\t<\/div>\n\t\t<\/section>\n\t\t\t\t\t<\/div>\n\t\t<\/div>\n\t\t\t\t\t\t\t<\/div>\n\t\t<\/section>\n\t\t\t\t\t\t\t<\/div>\n\t\t","protected":false},"excerpt":{"rendered":"<p>Home PROJEKTE-GALERIE Trockenbau PRIVATE STORE IN G\u00d6PPINGEN Trockenbau PRIVATE HOME IN G\u00d6PPINGEN Trockenbau PRIVATE STORE IN G\u00d6PPINGEN M\u00f6chten Sie unserem Team beitreten? Kontaktiere uns<\/p>\n","protected":false},"author":1,"featured_media":0,"parent":0,"menu_order":0,"comment_status":"closed","ping_status":"closed","template":"","meta":[],"_links":{"self":[{"href":"https:\/\/starktrockenbau.de\/index.php\/wp-json\/wp\/v2\/pages\/1292"}],"collection":[{"href":"https:\/\/starktrockenbau.de\/index.php\/wp-json\/wp\/v2\/pages"}],"about":[{"href":"https:\/\/starktrockenbau.de\/index.php\/wp-json\/wp\/v2\/types\/page"}],"author":[{"embeddable":true,"href":"https:\/\/starktrockenbau.de\/index.php\/wp-json\/wp\/v2\/users\/1"}],"replies":[{"embeddable":true,"href":"https:\/\/starktrockenbau.de\/index.php\/wp-json\/wp\/v2\/comments?post=1292"}],"version-history":[{"count":16,"href":"https:\/\/starktrockenbau.de\/index.php\/wp-json\/wp\/v2\/pages\/1292\/revisions"}],"predecessor-version":[{"id":2960,"href":"https:\/\/starktrockenbau.de\/index.php\/wp-json\/wp\/v2\/pages\/1292\/revisions\/2960"}],"wp:attachment":[{"href":"https:\/\/starktrockenbau.de\/index.php\/wp-json\/wp\/v2\/media?parent=1292"}],"curies":[{"name":"wp","href":"https:\/\/api.w.org\/{rel}","templated":true}]}}